{"id":287,"date":"2018-06-18T12:05:11","date_gmt":"2018-06-18T10:05:11","guid":{"rendered":"http:\/\/innopen.io\/?page_id=287"},"modified":"2018-07-16T15:09:02","modified_gmt":"2018-07-16T13:09:02","slug":"realisations","status":"publish","type":"page","link":"https:\/\/innopen.io\/index.php\/fr\/realisations\/","title":{"rendered":"Exemples de r\u00e9alisations"},"content":{"rendered":"<table>\n<tbody>\n<tr>\n<td width=\"524\"><strong><b>Programme d<\/b><\/strong><strong><b>\u2019Intrapreneuriat &amp; Open<\/b><\/strong><\/p>\n<p>&nbsp;<\/p>\n<p class=\"hide-if-no-js\"><a id=\"set-post-thumbnail\" class=\"thickbox\" href=\"http:\/\/innopen.io\/wp-admin\/media-upload.php?post_id=287&amp;type=image&amp;TB_iframe=1\" aria-describedby=\"set-post-thumbnail-desc\"><img loading=\"lazy\" class=\"attachment-266x266 size-266x266 aligncenter\" src=\"http:\/\/innopen.io\/wp-content\/uploads\/2018\/06\/Logo-SwitchUp.png\" sizes=\"100vw\" alt=\"\" width=\"198\" height=\"60\" \/><\/a><\/p>\n<\/td>\n<td width=\"586\">3 500 \u00e9tudiants et entrepreneurs mobilis\u00e9s.<\/p>\n<p>1000+ projets sourc\u00e9s, 40 projets acc\u00e9l\u00e9r\u00e9s, 10 start-ups incub\u00e9es : @Handisco, @Connect&#8217;O, @WAIR, @Z\u00e9phyr Solar, @Ezygain, @L&#8217;increvable, @Ulive.<\/p>\n<p>40 Hackathons dans 10 villes de France.<\/p>\n<p>50 collaborateurs\/an\u00a0Cisco impliqu\u00e9s.<\/p>\n<p>130 partenaires (\u00c9coles, Business Experts, Incubateurs, M\u00e9dias, Soci\u00e9t\u00e9s de capital-risque&#8230;).<\/p>\n<p>&nbsp;<\/td>\n<\/tr>\n<tr>\n<td width=\"524\"><strong><b>Programme d<\/b><\/strong><strong><b>\u2019Open-Innovation<\/b><\/strong><\/p>\n<p><strong><b>\u00a0<a id=\"set-post-thumbnail\" class=\"thickbox\" href=\"http:\/\/innopen.io\/wp-admin\/media-upload.php?post_id=287&amp;type=image&amp;TB_iframe=1\" aria-describedby=\"set-post-thumbnail-desc\"><img loading=\"lazy\" class=\"attachment-266x266 aligncenter\" src=\"http:\/\/innopen.io\/wp-content\/uploads\/2018\/06\/Logo-Cisco.png\" sizes=\"100vw\" alt=\"\" width=\"264\" height=\"162\" \/><\/a><\/b><\/strong><\/p>\n<p><strong><b>\u00a0<\/b><\/strong><\/p>\n<p class=\"hide-if-no-js\">\n<\/td>\n<td width=\"586\">Fond d\u2019investissement 200M$<\/p>\n<p>Multi-sectoriel :SMART CITY, CYBER SECURITY et IoT<\/p>\n<p>Chaires acad\u00e9miques : ECOLE POLYTECHNIQUE, CESI, TELECOM PARIS TECH.<\/p>\n<p>50+ partenaires Ecosyst\u00e8me : NUMA, Paris &amp; Co, Booster SO DIGITAL, BigUp4Startup, Scientipole \u2026<\/p>\n<p>1200+ start-ups \u00e9tudi\u00e9es, 150+ sourc\u00e9es, 50+ en collaboration directe, 10 en co-acc\u00e9l\u00e9ration.<\/p>\n<p>&nbsp;<\/td>\n<\/tr>\n<tr>\n<td width=\"524\"><strong><b>Programme de Co-Innovation<\/b><\/strong><\/p>\n<p><strong><b>\u00a0<\/b><\/strong><\/p>\n<p class=\"hide-if-no-js\"><a id=\"set-post-thumbnail\" class=\"thickbox\" href=\"http:\/\/innopen.io\/wp-admin\/media-upload.php?post_id=287&amp;type=image&amp;TB_iframe=1\" aria-describedby=\"set-post-thumbnail-desc\"><img loading=\"lazy\" class=\"attachment-266x266 size-266x266 aligncenter\" src=\"http:\/\/innopen.io\/wp-content\/uploads\/2018\/06\/Logo-So-Mobility.png\" sizes=\"100vw\" srcset=\"http:\/\/innopen.io\/wp-content\/uploads\/2018\/06\/Logo-So-Mobility.png 225w, http:\/\/innopen.io\/wp-content\/uploads\/2018\/06\/Logo-So-Mobility-150x150.png 150w, http:\/\/innopen.io\/wp-content\/uploads\/2018\/06\/Logo-So-Mobility-100x100.png 100w\" alt=\"\" width=\"225\" height=\"225\" \/><\/a><\/p>\n<\/td>\n<td width=\"586\">Consortium Public\/Priv\u00e9 :<\/p>\n<p>CISCO, BOUYGUES IMMOBILIER, ENGIE, TRANSDEV, COLAS<\/p>\n<p>ISSY LES MOULINEAUX, CAISSE DES DEPOTS.<\/p>\n<p>D\u00e9monstrateur de la Smart city sur la mobilit\u00e9 urbaine :<\/p>\n<p>\u2022 Agir sur le trafic<\/p>\n<p>\u2022 Faciliter le stationnement<\/p>\n<p>\u2022 D\u00e9velopper les approches multimodales en temps r\u00e9el<\/p>\n<p>\u2022 Anticiper les nouveaux modes de d\u00e9placement<\/td>\n<\/tr>\n<\/tbody>\n<\/table>\n<p>&nbsp;<\/p>\n","protected":false},"excerpt":{"rendered":"<p>Programme d\u2019Intrapreneuriat &amp; Open &nbsp; 3 500 \u00e9tudiants et entrepreneurs mobilis\u00e9s. 1000+ projets sourc\u00e9s, 40 projets acc\u00e9l\u00e9r\u00e9s, 10 start-ups incub\u00e9es : @Handisco, @Connect&#8217;O, @WAIR, @Z\u00e9phyr Solar, @Ezygain, @L&#8217;increvable, @Ulive. 40 Hackathons dans 10 villes de France. 50 collaborateurs\/an\u00a0Cisco impliqu\u00e9s. 130 partenaires (\u00c9coles, Business Experts, Incubateurs, M\u00e9dias, Soci\u00e9t\u00e9s de capital-risque&#8230;). &nbsp; Programme d\u2019Open-Innovation \u00a0 \u00a0 Fond &hellip; <\/p>\n<p class=\"link-more\"><a href=\"https:\/\/innopen.io\/index.php\/fr\/realisations\/\" class=\"more-link\">Continuer la lecture<span class=\"screen-reader-text\"> de &laquo;&nbsp;Exemples de r\u00e9alisations&nbsp;&raquo;<\/span><\/a><\/p>\n","protected":false},"author":1,"featured_media":0,"parent":0,"menu_order":0,"comment_status":"closed","ping_status":"closed","template":"","meta":[],"_links":{"self":[{"href":"https:\/\/innopen.io\/index.php\/wp-json\/wp\/v2\/pages\/287"}],"collection":[{"href":"https:\/\/innopen.io\/index.php\/wp-json\/wp\/v2\/pages"}],"about":[{"href":"https:\/\/innopen.io\/index.php\/wp-json\/wp\/v2\/types\/page"}],"author":[{"embeddable":true,"href":"https:\/\/innopen.io\/index.php\/wp-json\/wp\/v2\/users\/1"}],"replies":[{"embeddable":true,"href":"https:\/\/innopen.io\/index.php\/wp-json\/wp\/v2\/comments?post=287"}],"version-history":[{"count":5,"href":"https:\/\/innopen.io\/index.php\/wp-json\/wp\/v2\/pages\/287\/revisions"}],"predecessor-version":[{"id":493,"href":"https:\/\/innopen.io\/index.php\/wp-json\/wp\/v2\/pages\/287\/revisions\/493"}],"wp:attachment":[{"href":"https:\/\/innopen.io\/index.php\/wp-json\/wp\/v2\/media?parent=287"}],"curies":[{"name":"wp","href":"https:\/\/api.w.org\/{rel}","templated":true}]}}