{"id":17,"date":"2018-03-19T21:15:48","date_gmt":"2018-03-19T20:15:48","guid":{"rendered":"http:\/\/innopen.io\/?page_id=17"},"modified":"2018-07-11T10:02:00","modified_gmt":"2018-07-11T08:02:00","slug":"a-propos-de","status":"publish","type":"page","link":"https:\/\/innopen.io\/index.php\/fr\/a-propos-de\/","title":{"rendered":"A propos de"},"content":{"rendered":"<p>Parce que l&#8217;innovation ne se d\u00e9cr\u00e8te pas mais qu&#8217;elle s&#8217;orchestre.<br \/>\nParce que la relation entre Corporate et Start-up est une symbiose, n\u00e9cessaire mais complexe.<br \/>\nParce que l&#8217;esprit d&#8217;intrapreneuriat ne s&#8217;impose pas mais doit se diffuser dans l&#8217;entreprise.<br \/>\nParce que la Co-innovation requiert un langage commun entre deux Corporates.<\/p>\n<p>InnOpen vous accompagne avec son \u00e9cosyst\u00e8me de partenaires dans la construction op\u00e9rationnelle de votre d\u00e9marche d&#8217;innovation.<\/p>\n","protected":false},"excerpt":{"rendered":"<p>Parce que l&#8217;innovation ne se d\u00e9cr\u00e8te pas mais qu&#8217;elle s&#8217;orchestre. Parce que la relation entre Corporate et Start-up est une symbiose, n\u00e9cessaire mais complexe. Parce que l&#8217;esprit d&#8217;intrapreneuriat ne s&#8217;impose pas mais doit se diffuser dans l&#8217;entreprise. Parce que la Co-innovation requiert un langage commun entre deux Corporates. InnOpen vous accompagne avec son \u00e9cosyst\u00e8me de &hellip; <\/p>\n<p class=\"link-more\"><a href=\"https:\/\/innopen.io\/index.php\/fr\/a-propos-de\/\" class=\"more-link\">Continuer la lecture<span class=\"screen-reader-text\"> de &laquo;&nbsp;A propos de&nbsp;&raquo;<\/span><\/a><\/p>\n","protected":false},"author":1,"featured_media":0,"parent":0,"menu_order":0,"comment_status":"closed","ping_status":"closed","template":"","meta":[],"_links":{"self":[{"href":"https:\/\/innopen.io\/index.php\/wp-json\/wp\/v2\/pages\/17"}],"collection":[{"href":"https:\/\/innopen.io\/index.php\/wp-json\/wp\/v2\/pages"}],"about":[{"href":"https:\/\/innopen.io\/index.php\/wp-json\/wp\/v2\/types\/page"}],"author":[{"embeddable":true,"href":"https:\/\/innopen.io\/index.php\/wp-json\/wp\/v2\/users\/1"}],"replies":[{"embeddable":true,"href":"https:\/\/innopen.io\/index.php\/wp-json\/wp\/v2\/comments?post=17"}],"version-history":[{"count":16,"href":"https:\/\/innopen.io\/index.php\/wp-json\/wp\/v2\/pages\/17\/revisions"}],"predecessor-version":[{"id":461,"href":"https:\/\/innopen.io\/index.php\/wp-json\/wp\/v2\/pages\/17\/revisions\/461"}],"wp:attachment":[{"href":"https:\/\/innopen.io\/index.php\/wp-json\/wp\/v2\/media?parent=17"}],"curies":[{"name":"wp","href":"https:\/\/api.w.org\/{rel}","templated":true}]}}